{"id":58,"date":"2021-05-03T19:10:44","date_gmt":"2021-05-03T17:10:44","guid":{"rendered":"https:\/\/assessors.muratet.com\/home\/"},"modified":"2024-06-25T20:59:21","modified_gmt":"2024-06-25T18:59:21","slug":"home","status":"publish","type":"page","link":"https:\/\/assessors.muratet.com\/","title":{"rendered":"Muratet Assessors"},"content":{"rendered":"\n<p>Muratet Assessors \u00e9s una empresa familiar, dedicada des de fa m\u00e9s de 50 anys a l&#8217;assessorament de particulars i empreses en temes fiscals, comptables i laborals.<\/p>\n\n\n\n<p>Les nostres especialitats, s\u00f3n entre altres:<\/p>\n\n\n\n<ul class=\"wp-block-list\">\n<li>Declaracions de renda.<\/li>\n\n\n\n<li>Comptabilitat d&#8217;empresa.<\/li>\n\n\n\n<li>Her\u00e8ncies i jubilacions.<\/li>\n\n\n\n<li>Tramitaci\u00f3 d&#8217;Impostos, Aut\u00f2noms i Societats.<\/li>\n\n\n\n<li>Liquidaci\u00f3 trimestral de l\u2019IVA i IRPF.<\/li>\n\n\n\n<li>Presentaci\u00f3 i dip\u00f2sit de Comptes Anuals al Registre Mercantil.<\/li>\n\n\n\n<li>Confecci\u00f3 de contractes.<\/li>\n\n\n\n<li>Elaboraci\u00f3 i actualitzaci\u00f3 de n\u00f2mines, tramitaci\u00f3 de butlletins de cotitzaci\u00f3 a la Seguretat Social.<\/li>\n\n\n\n<li>Comunicaci\u00f3 d\u2019Altes, Baixes o Variacions de dades dels treballadors.<\/li>\n\n\n\n<li>Gesti\u00f3 de les n\u00f2mines.<\/li>\n<\/ul>\n\n\n\n<p>Si vost\u00e8 necessita assessorament en qualsevol d&#8217;aquests temes pot fer servir el seg\u00fcent formulari i estarem encantats de posar-nos en contacte amb vost\u00e8 a la major brevetat possible.<\/p>\n\n\n\n<div class=\"wp-block-contact-form-7-contact-form-selector\">\n<div class=\"wpcf7 no-js\" id=\"wpcf7-f30-o1\" lang=\"ca\" dir=\"ltr\">\n<div class=\"screen-reader-response\"><p role=\"status\" aria-live=\"polite\" aria-atomic=\"true\"><\/p> <ul><\/ul><\/div>\n<form action=\"\/index.php?rest_route=%2Fwp%2Fv2%2Fpages%2F58#wpcf7-f30-o1\" method=\"post\" class=\"wpcf7-form init\" aria-label=\"Formulari de contacte\" novalidate=\"novalidate\" data-status=\"init\">\n<div style=\"display: none;\">\n<input type=\"hidden\" name=\"_wpcf7\" value=\"30\" \/>\n<input type=\"hidden\" name=\"_wpcf7_version\" value=\"5.9.6\" \/>\n<input type=\"hidden\" name=\"_wpcf7_locale\" value=\"ca\" \/>\n<input type=\"hidden\" name=\"_wpcf7_unit_tag\" value=\"wpcf7-f30-o1\" \/>\n<input type=\"hidden\" name=\"_wpcf7_container_post\" value=\"0\" \/>\n<input type=\"hidden\" name=\"_wpcf7_posted_data_hash\" value=\"\" \/>\n<\/div>\n<p><label> Nom i cognoms (obligatori)<br \/>\n<span class=\"wpcf7-form-control-wrap\" data-name=\"your-name\"><input size=\"40\" maxlength=\"80\" class=\"wpcf7-form-control wpcf7-text wpcf7-validates-as-required\" aria-required=\"true\" aria-invalid=\"false\" value=\"\" type=\"text\" name=\"your-name\" \/><\/span> <\/label>\n<\/p>\n<p><label> Correu electr\u00f2nic (obligatori)<br \/>\n<span class=\"wpcf7-form-control-wrap\" data-name=\"your-email\"><input size=\"40\" maxlength=\"80\" class=\"wpcf7-form-control wpcf7-email wpcf7-validates-as-required wpcf7-text wpcf7-validates-as-email\" aria-required=\"true\" aria-invalid=\"false\" value=\"\" type=\"email\" name=\"your-email\" \/><\/span> <\/label>\n<\/p>\n<p><label> Tel\u00e8fon de contacte (obligatori)<br \/>\n<span class=\"wpcf7-form-control-wrap\" data-name=\"tel-734\"><input size=\"40\" maxlength=\"80\" class=\"wpcf7-form-control wpcf7-text wpcf7-validates-as-required\" aria-required=\"true\" aria-invalid=\"false\" value=\"\" type=\"text\" name=\"tel-734\" \/><\/span> <\/label>\n<\/p>\n<p><label> Missatge (obligatori)<br \/>\n<span class=\"wpcf7-form-control-wrap\" data-name=\"your-message\"><textarea cols=\"40\" rows=\"10\" maxlength=\"400\" class=\"wpcf7-form-control wpcf7-textarea wpcf7-validates-as-required\" aria-required=\"true\" aria-invalid=\"false\" name=\"your-message\"><\/textarea><\/span> <\/label>\n<\/p>\n<p><label> Per comprovar que no \u00e9s un robot, contesti aquesta pregunta:<br \/>\n<span class=\"wpcf7-form-control-wrap\" data-name=\"Comprovaquenoscunrobot\"><label><span class=\"wpcf7-quiz-label\">Quant val 32x2?<\/span> <input size=\"40\" class=\"wpcf7-form-control wpcf7-quiz\" autocomplete=\"off\" aria-required=\"true\" aria-invalid=\"false\" type=\"text\" name=\"Comprovaquenoscunrobot\" \/><\/label><input type=\"hidden\" name=\"_wpcf7_quiz_answer_Comprovaquenoscunrobot\" value=\"9f9fa6bfe8feb0b756b9fc828af7c97e\" \/><\/span> <\/label>\n<\/p>\n<p><label><br \/>\n<span class=\"wpcf7-form-control-wrap\" data-name=\"acceptance-643\"><span class=\"wpcf7-form-control wpcf7-acceptance\"><span class=\"wpcf7-list-item\"><label><input type=\"checkbox\" name=\"acceptance-643\" value=\"1\" aria-invalid=\"false\" \/><span class=\"wpcf7-list-item-label\">Accepta la pol\u00edtica de privadesa<\/span><\/label><\/span><\/span><\/span> <\/label>\n<\/p>\n<p><input class=\"wpcf7-form-control wpcf7-submit has-spinner\" type=\"submit\" value=\"Envia\" \/>\n<\/p><p style=\"display: none !important;\" class=\"akismet-fields-container\" data-prefix=\"_wpcf7_ak_\"><label>&#916;<textarea name=\"_wpcf7_ak_hp_textarea\" cols=\"45\" rows=\"8\" maxlength=\"100\"><\/textarea><\/label><input type=\"hidden\" id=\"ak_js_1\" name=\"_wpcf7_ak_js\" value=\"37\"\/><script>document.getElementById( \"ak_js_1\" ).setAttribute( \"value\", ( new Date() ).getTime() );<\/script><\/p><div class=\"wpcf7-response-output\" aria-hidden=\"true\"><\/div>\n<\/form>\n<\/div>\n<\/div>\n","protected":false},"excerpt":{"rendered":"<p>Muratet Assessors \u00e9s una empresa familiar, dedicada des de fa m\u00e9s de 50 anys a l&#8217;assessorament de particulars i empreses en temes fiscals, comptables i laborals. Les nostres especialitats, s\u00f3n entre altres: Si vost\u00e8 necessita<\/p>\n","protected":false},"author":1,"featured_media":186,"parent":0,"menu_order":0,"comment_status":"closed","ping_status":"closed","template":"","meta":{"footnotes":""},"class_list":["post-58","page","type-page","status-publish","has-post-thumbnail","hentry"],"_links":{"self":[{"href":"https:\/\/assessors.muratet.com\/index.php?rest_route=\/wp\/v2\/pages\/58"}],"collection":[{"href":"https:\/\/assessors.muratet.com\/index.php?rest_route=\/wp\/v2\/pages"}],"about":[{"href":"https:\/\/assessors.muratet.com\/index.php?rest_route=\/wp\/v2\/types\/page"}],"author":[{"embeddable":true,"href":"https:\/\/assessors.muratet.com\/index.php?rest_route=\/wp\/v2\/users\/1"}],"replies":[{"embeddable":true,"href":"https:\/\/assessors.muratet.com\/index.php?rest_route=%2Fwp%2Fv2%2Fcomments&post=58"}],"version-history":[{"count":10,"href":"https:\/\/assessors.muratet.com\/index.php?rest_route=\/wp\/v2\/pages\/58\/revisions"}],"predecessor-version":[{"id":367,"href":"https:\/\/assessors.muratet.com\/index.php?rest_route=\/wp\/v2\/pages\/58\/revisions\/367"}],"wp:featuredmedia":[{"embeddable":true,"href":"https:\/\/assessors.muratet.com\/index.php?rest_route=\/wp\/v2\/media\/186"}],"wp:attachment":[{"href":"https:\/\/assessors.muratet.com\/index.php?rest_route=%2Fwp%2Fv2%2Fmedia&parent=58"}],"curies":[{"name":"wp","href":"https:\/\/api.w.org\/{rel}","templated":true}]}}